{"id":435,"date":"2026-03-30T09:56:15","date_gmt":"2026-03-30T09:56:15","guid":{"rendered":"https:\/\/lanzaroteproducciones.com\/?page_id=435"},"modified":"2026-03-30T09:56:16","modified_gmt":"2026-03-30T09:56:16","slug":"talents","status":"publish","type":"page","link":"https:\/\/lanzaroteproducciones.com\/index.php\/en\/talents\/","title":{"rendered":"Talents"},"content":{"rendered":"<style>.kb-row-layout-wrap.wp-block-kadence-rowlayout.kb-row-layout-id435_8bbd28-ca{margin-top:0px;margin-bottom:0px;}.kb-row-layout-id435_8bbd28-ca > .kt-row-column-wrap{align-content:start;}:where(.kb-row-layout-id435_8bbd28-ca > .kt-row-column-wrap) > .wp-block-kadence-column{justify-content:start;}.kb-row-layout-id435_8bbd28-ca > .kt-row-column-wrap{column-gap:var(--global-kb-gap-md, 2rem);row-gap:var(--global-kb-gap-md, 2rem);max-width:1290px;padding-top:var(--global-kb-spacing-3xl, 6.5rem);padding-bottom:var(--global-kb-spacing-3xl, 6.5rem);grid-template-columns:minmax(0, 1fr);}.kb-row-layout-id435_8bbd28-ca{background-color:var(--global-palette7, #EDF2F7);background-image:url('https:\/\/lanzaroteproducciones.com\/wp-content\/uploads\/2024\/04\/onyxay-background-2.jpg');background-size:cover;background-position:center center;background-attachment:scroll;background-repeat:no-repeat;}.kb-row-layout-id435_8bbd28-ca > .kt-row-layout-overlay{opacity:0.00;}@media all and (max-width: 1024px){.kb-row-layout-id435_8bbd28-ca > .kt-row-column-wrap{grid-template-columns:minmax(0, 1fr);}}@media all and (max-width: 767px){.kb-row-layout-id435_8bbd28-ca > .kt-row-column-wrap{grid-template-columns:minmax(0, 1fr);}}<\/style><div class=\"kb-row-layout-wrap kb-row-layout-id435_8bbd28-ca alignfull has-theme-palette7-background-color kt-row-has-bg alto-pantalla wp-block-kadence-rowlayout\" id=\"talento\"><div class=\"kt-row-column-wrap kt-has-1-columns kt-row-layout-equal kt-tab-layout-inherit kt-mobile-layout-row kt-row-valign-top kb-theme-content-width\">\n<style>.kadence-column435_a01e08-6b > .kt-inside-inner-col{padding-right:var(--global-kb-spacing-4xl, 8rem);padding-left:var(--global-kb-spacing-4xl, 8rem);}.kadence-column435_a01e08-6b > .kt-inside-inner-col,.kadence-column435_a01e08-6b > .kt-inside-inner-col:before{border-top-left-radius:0px;border-top-right-radius:0px;border-bottom-right-radius:0px;border-bottom-left-radius:0px;}.kadence-column435_a01e08-6b > .kt-inside-inner-col{column-gap:var(--global-kb-gap-sm, 1rem);}.kadence-column435_a01e08-6b > .kt-inside-inner-col{flex-direction:column;}.kadence-column435_a01e08-6b > .kt-inside-inner-col > .aligncenter{width:100%;}.kadence-column435_a01e08-6b > .kt-inside-inner-col:before{opacity:0.3;}.kadence-column435_a01e08-6b{position:relative;}@media all and (max-width: 1024px){.kadence-column435_a01e08-6b > .kt-inside-inner-col{flex-direction:column;justify-content:center;}}@media all and (max-width: 767px){.kadence-column435_a01e08-6b > .kt-inside-inner-col{padding-right:0px;padding-left:0px;flex-direction:column;justify-content:center;}}<\/style>\n<div class=\"wp-block-kadence-column kadence-column435_a01e08-6b inner-column-1\"><div class=\"kt-inside-inner-col\"><style>.wp-block-kadence-advancedheading.kt-adv-heading435_ddb314-80, .wp-block-kadence-advancedheading.kt-adv-heading435_ddb314-80[data-kb-block=\"kb-adv-heading435_ddb314-80\"]{margin-top:0px;margin-bottom:0px;text-align:center;font-size:50px;line-height:1;font-weight:700;font-style:normal;font-family:Rufina;letter-spacing:-3px;}.wp-block-kadence-advancedheading.kt-adv-heading435_ddb314-80 mark.kt-highlight, .wp-block-kadence-advancedheading.kt-adv-heading435_ddb314-80[data-kb-block=\"kb-adv-heading435_ddb314-80\"] mark.kt-highlight{font-style:normal;color:#f76a0c;-webkit-box-decoration-break:clone;box-decoration-break:clone;padding-top:0px;padding-right:0px;padding-bottom:0px;padding-left:0px;}.wp-block-kadence-advancedheading.kt-adv-heading435_ddb314-80 img.kb-inline-image, .wp-block-kadence-advancedheading.kt-adv-heading435_ddb314-80[data-kb-block=\"kb-adv-heading435_ddb314-80\"] img.kb-inline-image{width:150px;vertical-align:baseline;}@media all and (max-width: 767px){.wp-block-kadence-advancedheading.kt-adv-heading435_ddb314-80, .wp-block-kadence-advancedheading.kt-adv-heading435_ddb314-80[data-kb-block=\"kb-adv-heading435_ddb314-80\"]{font-size:55px;}}<\/style>\n<h5 class=\"kt-adv-heading435_ddb314-80 wp-block-kadence-advancedheading has-palette-color-8-color has-text-color\" data-kb-block=\"kb-adv-heading435_ddb314-80\">We are looking for talents<\/h5>\n\n\n<style>.wp-block-kadence-advancedheading.kt-adv-heading435_2a9790-ee, .wp-block-kadence-advancedheading.kt-adv-heading435_2a9790-ee[data-kb-block=\"kb-adv-heading435_2a9790-ee\"]{margin-top:var(--global-kb-spacing-sm, 1.5rem);text-align:center;line-height:1.8;font-weight:400;font-style:normal;font-family:'Open Sans';}.wp-block-kadence-advancedheading.kt-adv-heading435_2a9790-ee mark.kt-highlight, .wp-block-kadence-advancedheading.kt-adv-heading435_2a9790-ee[data-kb-block=\"kb-adv-heading435_2a9790-ee\"] mark.kt-highlight{font-style:normal;color:#f76a0c;-webkit-box-decoration-break:clone;box-decoration-break:clone;padding-top:0px;padding-right:0px;padding-bottom:0px;padding-left:0px;}.wp-block-kadence-advancedheading.kt-adv-heading435_2a9790-ee img.kb-inline-image, .wp-block-kadence-advancedheading.kt-adv-heading435_2a9790-ee[data-kb-block=\"kb-adv-heading435_2a9790-ee\"] img.kb-inline-image{width:150px;vertical-align:baseline;}<\/style>\n<p class=\"kt-adv-heading435_2a9790-ee wp-block-kadence-advancedheading has-palette-color-8-color has-text-color\" data-kb-block=\"kb-adv-heading435_2a9790-ee\">At Onyxay Lanzarote Productions we are always looking for professionals. Do you want to work with us?<br><br>Send your CV and cover letter to info@lanzaroteproducciones.com<\/p>\n\n\n<style>.wp-block-kadence-advancedbtn.kt-btns435_b016e3-78, .site .entry-content .wp-block-kadence-advancedbtn.kt-btns435_b016e3-78, .wp-block-kadence-advancedbtn.kb-btns435_b016e3-78, .site .entry-content .wp-block-kadence-advancedbtn.kb-btns435_b016e3-78{margin-top:0px;margin-bottom:-5px;}.wp-block-kadence-advancedbtn.kb-btns435_b016e3-78{gap:var(--global-kb-gap-xs, 0.5rem );justify-content:center;align-items:center;}.kt-btns435_b016e3-78 .kt-button{font-weight:normal;font-style:normal;}<\/style>\n<div class=\"wp-block-kadence-advancedbtn kb-buttons-wrap kb-btns435_b016e3-78\"><style>ul.menu .wp-block-kadence-advancedbtn .kb-btn435_18b8af-b1.kb-button{width:initial;}.wp-block-kadence-advancedbtn .kb-btn435_18b8af-b1.kb-button{background:var(u002du002dtheme-palette-color-1, #bda18c);font-family:'Open Sans';font-weight:400;border-top-left-radius:0px;border-top-right-radius:0px;border-bottom-right-radius:0px;border-bottom-left-radius:0px;border-top:1px solid var(u002du002dtheme-palette-color-1, #bda18c);border-right:1px solid var(u002du002dtheme-palette-color-1, #bda18c);border-bottom:1px solid var(u002du002dtheme-palette-color-1, #bda18c);border-left:1px solid var(u002du002dtheme-palette-color-1, #bda18c);}.wp-block-kadence-advancedbtn .kb-btn435_18b8af-b1.kb-button:hover, .wp-block-kadence-advancedbtn .kb-btn435_18b8af-b1.kb-button:focus{color:var(u002du002dtheme-palette-color-5, #3f352c);background:var(u002du002dtheme-palette-color-2, #e6dcd3);}@media all and (max-width: 1024px){.wp-block-kadence-advancedbtn .kb-btn435_18b8af-b1.kb-button{border-top:1px solid var(u002du002dtheme-palette-color-1, #bda18c);border-right:1px solid var(u002du002dtheme-palette-color-1, #bda18c);border-bottom:1px solid var(u002du002dtheme-palette-color-1, #bda18c);border-left:1px solid var(u002du002dtheme-palette-color-1, #bda18c);}}@media all and (max-width: 767px){.wp-block-kadence-advancedbtn .kb-btn435_18b8af-b1.kb-button{border-top:1px solid var(u002du002dtheme-palette-color-1, #bda18c);border-right:1px solid var(u002du002dtheme-palette-color-1, #bda18c);border-bottom:1px solid var(u002du002dtheme-palette-color-1, #bda18c);border-left:1px solid var(u002du002dtheme-palette-color-1, #bda18c);}}<\/style><a class=\"kb-button kt-button button kb-btn435_18b8af-b1 kt-btn-size-standard kt-btn-width-type-auto kb-btn-global-inherit  kt-btn-has-text-true kt-btn-has-svg-true  wp-block-button__link wp-block-kadence-singlebtn\" href=\"mailto:info@lanzaroteproducciones.com\"><span class=\"kt-btn-inner-text\">Contact<\/span><span class=\"kb-svg-icon-wrap kb-svg-icon-fe_mail kt-btn-icon-side-right\"><svg viewBox=\"0 0 24 24\"  fill=\"none\" stroke=\"currentColor\" stroke-width=\"2\" stroke-linecap=\"round\" stroke-linejoin=\"round\" xmlns=\"http:\/\/www.w3.org\/2000\/svg\"  aria-hidden=\"true\"><path d=\"M4 4h16c1.1 0 2 .9 2 2v12c0 1.1-.9 2-2 2H4c-1.1 0-2-.9-2-2V6c0-1.1.9-2 2-2z\"\/><polyline points=\"22,6 12,13 2,6\"\/><\/svg><\/span><\/a><\/div>\n<\/div><\/div>\n\n<\/div><\/div>","protected":false},"excerpt":{"rendered":"<p>We are looking for talents At Onyxay Lanzarote Productions we are always looking for professionals. Do you want to work with us? Send your CV and cover letter to info@lanzaroteproducciones.com<\/p>\n","protected":false},"author":1,"featured_media":0,"parent":0,"menu_order":0,"comment_status":"closed","ping_status":"closed","template":"","meta":{"_monsterinsights_skip_tracking":false,"_monsterinsights_sitenote_active":false,"_monsterinsights_sitenote_note":"","_monsterinsights_sitenote_category":0,"footnotes":""},"class_list":["post-435","page","type-page","status-publish","hentry"],"blocksy_meta":{"page_structure_type":"default","styles_descriptor":{"styles":{"desktop":"[data-prefix=\"single_page\"] {background-color:var(--theme-palette-color-8);background-image:none;}","tablet":"","mobile":""},"google_fonts":[],"version":6},"background":{"desktop":{"background_type":"color","background_pattern":"type-1","background_image":{"attachment_id":null,"x":0,"y":0},"gradient":"linear-gradient(135deg,rgba(6,147,227,1) 0%,rgb(155,81,224) 100%)","background_repeat":"repeat","background_size":"auto","background_attachment":"scroll","patternColor":{"default":{"color":"#e5e7ea"}},"overlayColor":{"default":{"color":"CT_CSS_SKIP_RULE"}},"backgroundColor":{"default":{"color":"var(--theme-palette-color-8)"}}},"tablet":{"background_type":"color","background_pattern":"type-1","background_image":{"attachment_id":null,"x":0,"y":0},"gradient":"linear-gradient(135deg,rgba(6,147,227,1) 0%,rgb(155,81,224) 100%)","background_repeat":"repeat","background_size":"auto","background_attachment":"scroll","patternColor":{"default":{"color":"#e5e7ea"}},"overlayColor":{"default":{"color":"CT_CSS_SKIP_RULE"}},"backgroundColor":{"default":{"color":"var(--theme-palette-color-8)"}}},"mobile":{"background_type":"color","background_pattern":"type-1","background_image":{"attachment_id":null,"x":0,"y":0},"gradient":"linear-gradient(135deg,rgba(6,147,227,1) 0%,rgb(155,81,224) 100%)","background_repeat":"repeat","background_size":"auto","background_attachment":"scroll","patternColor":{"default":{"color":"#e5e7ea"}},"overlayColor":{"default":{"color":"CT_CSS_SKIP_RULE"}},"backgroundColor":{"default":{"color":"var(--theme-palette-color-8)"}}}}},"yoast_head":"<!-- This site is optimized with the Yoast SEO plugin v27.4 - https:\/\/yoast.com\/product\/yoast-seo-wordpress\/ -->\n<title>Onyxay Lanzarote Producciones - Productora en Canarias<\/title>\n<meta name=\"description\" content=\"Audiovisuales para publicidad, contenidos fotogr\u00e1ficos o televisivos, editoriales, shoots y gesti\u00f3n de eventos en Canarias.\" \/>\n<meta name=\"robots\" content=\"index, follow, max-snippet:-1, max-image-preview:large, max-video-preview:-1\" \/>\n<link rel=\"canonical\" href=\"https:\/\/lanzaroteproducciones.com\/index.php\/en\/talents\/\" \/>\n<meta property=\"og:locale\" content=\"es_ES\" \/>\n<meta property=\"og:type\" content=\"article\" \/>\n<meta property=\"og:title\" content=\"Onyxay Lanzarote producciones\" \/>\n<meta property=\"og:description\" content=\"Audiovisuales para publicidad, contenidos fotogr\u00e1ficos o televisivos, editoriales, shoots y gesti\u00f3n de eventos. Agencias y anunciantes encontrar\u00e1n en esta nueva marca un compa\u00f1ero perfecto para llevar.\" \/>\n<meta property=\"og:url\" content=\"https:\/\/lanzaroteproducciones.com\/index.php\/en\/talents\/\" \/>\n<meta property=\"og:site_name\" content=\"Onyxay Lanzarote Producciones\" \/>\n<meta property=\"article:modified_time\" content=\"2026-03-30T09:56:16+00:00\" \/>\n<meta property=\"og:image\" content=\"https:\/\/lanzaroteproducciones.com\/wp-content\/uploads\/2024\/04\/cropped-favicon-300x300.png\" \/>\n<meta name=\"twitter:card\" content=\"summary_large_image\" \/>\n<meta name=\"twitter:label1\" content=\"Tiempo de lectura\" \/>\n\t<meta name=\"twitter:data1\" content=\"1 minuto\" \/>\n<script type=\"application\/ld+json\" class=\"yoast-schema-graph\">{\"@context\":\"https:\\\/\\\/schema.org\",\"@graph\":[{\"@type\":\"WebPage\",\"@id\":\"https:\\\/\\\/lanzaroteproducciones.com\\\/index.php\\\/en\\\/talents\\\/\",\"url\":\"https:\\\/\\\/lanzaroteproducciones.com\\\/index.php\\\/en\\\/talents\\\/\",\"name\":\"Onyxay Lanzarote Producciones - Productora en Canarias\",\"isPartOf\":{\"@id\":\"https:\\\/\\\/lanzaroteproducciones.com\\\/#website\"},\"datePublished\":\"2026-03-30T09:56:15+00:00\",\"dateModified\":\"2026-03-30T09:56:16+00:00\",\"description\":\"Audiovisuales para publicidad, contenidos fotogr\u00e1ficos o televisivos, editoriales, shoots y gesti\u00f3n de eventos en Canarias.\",\"breadcrumb\":{\"@id\":\"https:\\\/\\\/lanzaroteproducciones.com\\\/index.php\\\/en\\\/talents\\\/#breadcrumb\"},\"inLanguage\":\"es\",\"potentialAction\":[{\"@type\":\"ReadAction\",\"target\":[\"https:\\\/\\\/lanzaroteproducciones.com\\\/index.php\\\/en\\\/talents\\\/\"]}]},{\"@type\":\"BreadcrumbList\",\"@id\":\"https:\\\/\\\/lanzaroteproducciones.com\\\/index.php\\\/en\\\/talents\\\/#breadcrumb\",\"itemListElement\":[{\"@type\":\"ListItem\",\"position\":1,\"name\":\"Portada\",\"item\":\"https:\\\/\\\/lanzaroteproducciones.com\\\/\"},{\"@type\":\"ListItem\",\"position\":2,\"name\":\"Talents\"}]},{\"@type\":\"WebSite\",\"@id\":\"https:\\\/\\\/lanzaroteproducciones.com\\\/#website\",\"url\":\"https:\\\/\\\/lanzaroteproducciones.com\\\/\",\"name\":\"Onyxay Lanzarote Producciones\",\"description\":\"Productora integral de servicios audiovisuales para publicidad y gesti\u00f3n de eventos.\",\"publisher\":{\"@id\":\"https:\\\/\\\/lanzaroteproducciones.com\\\/#organization\"},\"potentialAction\":[{\"@type\":\"SearchAction\",\"target\":{\"@type\":\"EntryPoint\",\"urlTemplate\":\"https:\\\/\\\/lanzaroteproducciones.com\\\/?s={search_term_string}\"},\"query-input\":{\"@type\":\"PropertyValueSpecification\",\"valueRequired\":true,\"valueName\":\"search_term_string\"}}],\"inLanguage\":\"es\"},{\"@type\":\"Organization\",\"@id\":\"https:\\\/\\\/lanzaroteproducciones.com\\\/#organization\",\"name\":\"Onyxay Lanzarote Producciones\",\"url\":\"https:\\\/\\\/lanzaroteproducciones.com\\\/\",\"logo\":{\"@type\":\"ImageObject\",\"inLanguage\":\"es\",\"@id\":\"https:\\\/\\\/lanzaroteproducciones.com\\\/#\\\/schema\\\/logo\\\/image\\\/\",\"url\":\"https:\\\/\\\/lanzaroteproducciones.com\\\/wp-content\\\/uploads\\\/2024\\\/04\\\/logo-onyxay-lanzarote-producciones.svg\",\"contentUrl\":\"https:\\\/\\\/lanzaroteproducciones.com\\\/wp-content\\\/uploads\\\/2024\\\/04\\\/logo-onyxay-lanzarote-producciones.svg\",\"width\":300,\"height\":100,\"caption\":\"Onyxay Lanzarote Producciones\"},\"image\":{\"@id\":\"https:\\\/\\\/lanzaroteproducciones.com\\\/#\\\/schema\\\/logo\\\/image\\\/\"}}]}<\/script>\n<!-- \/ Yoast SEO plugin. -->","yoast_head_json":{"title":"Onyxay Lanzarote Producciones - Productora en Canarias","description":"Audiovisuales para publicidad, contenidos fotogr\u00e1ficos o televisivos, editoriales, shoots y gesti\u00f3n de eventos en Canarias.","robots":{"index":"index","follow":"follow","max-snippet":"max-snippet:-1","max-image-preview":"max-image-preview:large","max-video-preview":"max-video-preview:-1"},"canonical":"https:\/\/lanzaroteproducciones.com\/index.php\/en\/talents\/","og_locale":"es_ES","og_type":"article","og_title":"Onyxay Lanzarote producciones","og_description":"Audiovisuales para publicidad, contenidos fotogr\u00e1ficos o televisivos, editoriales, shoots y gesti\u00f3n de eventos. Agencias y anunciantes encontrar\u00e1n en esta nueva marca un compa\u00f1ero perfecto para llevar.","og_url":"https:\/\/lanzaroteproducciones.com\/index.php\/en\/talents\/","og_site_name":"Onyxay Lanzarote Producciones","article_modified_time":"2026-03-30T09:56:16+00:00","og_image":[{"url":"https:\/\/lanzaroteproducciones.com\/wp-content\/uploads\/2024\/04\/cropped-favicon-300x300.png","type":"","width":"","height":""}],"twitter_card":"summary_large_image","twitter_misc":{"Tiempo de lectura":"1 minuto"},"schema":{"@context":"https:\/\/schema.org","@graph":[{"@type":"WebPage","@id":"https:\/\/lanzaroteproducciones.com\/index.php\/en\/talents\/","url":"https:\/\/lanzaroteproducciones.com\/index.php\/en\/talents\/","name":"Onyxay Lanzarote Producciones - Productora en Canarias","isPartOf":{"@id":"https:\/\/lanzaroteproducciones.com\/#website"},"datePublished":"2026-03-30T09:56:15+00:00","dateModified":"2026-03-30T09:56:16+00:00","description":"Audiovisuales para publicidad, contenidos fotogr\u00e1ficos o televisivos, editoriales, shoots y gesti\u00f3n de eventos en Canarias.","breadcrumb":{"@id":"https:\/\/lanzaroteproducciones.com\/index.php\/en\/talents\/#breadcrumb"},"inLanguage":"es","potentialAction":[{"@type":"ReadAction","target":["https:\/\/lanzaroteproducciones.com\/index.php\/en\/talents\/"]}]},{"@type":"BreadcrumbList","@id":"https:\/\/lanzaroteproducciones.com\/index.php\/en\/talents\/#breadcrumb","itemListElement":[{"@type":"ListItem","position":1,"name":"Portada","item":"https:\/\/lanzaroteproducciones.com\/"},{"@type":"ListItem","position":2,"name":"Talents"}]},{"@type":"WebSite","@id":"https:\/\/lanzaroteproducciones.com\/#website","url":"https:\/\/lanzaroteproducciones.com\/","name":"Onyxay Lanzarote Producciones","description":"Productora integral de servicios audiovisuales para publicidad y gesti\u00f3n de eventos.","publisher":{"@id":"https:\/\/lanzaroteproducciones.com\/#organization"},"potentialAction":[{"@type":"SearchAction","target":{"@type":"EntryPoint","urlTemplate":"https:\/\/lanzaroteproducciones.com\/?s={search_term_string}"},"query-input":{"@type":"PropertyValueSpecification","valueRequired":true,"valueName":"search_term_string"}}],"inLanguage":"es"},{"@type":"Organization","@id":"https:\/\/lanzaroteproducciones.com\/#organization","name":"Onyxay Lanzarote Producciones","url":"https:\/\/lanzaroteproducciones.com\/","logo":{"@type":"ImageObject","inLanguage":"es","@id":"https:\/\/lanzaroteproducciones.com\/#\/schema\/logo\/image\/","url":"https:\/\/lanzaroteproducciones.com\/wp-content\/uploads\/2024\/04\/logo-onyxay-lanzarote-producciones.svg","contentUrl":"https:\/\/lanzaroteproducciones.com\/wp-content\/uploads\/2024\/04\/logo-onyxay-lanzarote-producciones.svg","width":300,"height":100,"caption":"Onyxay Lanzarote Producciones"},"image":{"@id":"https:\/\/lanzaroteproducciones.com\/#\/schema\/logo\/image\/"}}]}},"_links":{"self":[{"href":"https:\/\/lanzaroteproducciones.com\/index.php\/wp-json\/wp\/v2\/pages\/435","targetHints":{"allow":["GET"]}}],"collection":[{"href":"https:\/\/lanzaroteproducciones.com\/index.php\/wp-json\/wp\/v2\/pages"}],"about":[{"href":"https:\/\/lanzaroteproducciones.com\/index.php\/wp-json\/wp\/v2\/types\/page"}],"author":[{"embeddable":true,"href":"https:\/\/lanzaroteproducciones.com\/index.php\/wp-json\/wp\/v2\/users\/1"}],"replies":[{"embeddable":true,"href":"https:\/\/lanzaroteproducciones.com\/index.php\/wp-json\/wp\/v2\/comments?post=435"}],"version-history":[{"count":1,"href":"https:\/\/lanzaroteproducciones.com\/index.php\/wp-json\/wp\/v2\/pages\/435\/revisions"}],"predecessor-version":[{"id":436,"href":"https:\/\/lanzaroteproducciones.com\/index.php\/wp-json\/wp\/v2\/pages\/435\/revisions\/436"}],"wp:attachment":[{"href":"https:\/\/lanzaroteproducciones.com\/index.php\/wp-json\/wp\/v2\/media?parent=435"}],"curies":[{"name":"wp","href":"https:\/\/api.w.org\/{rel}","templated":true}]}}